{"id":5,"date":"2020-04-24T11:23:07","date_gmt":"2020-04-24T14:23:07","guid":{"rendered":"https:\/\/evangelhors.com.br\/?page_id=5"},"modified":"2024-07-29T19:22:35","modified_gmt":"2024-07-29T22:22:35","slug":"home","status":"publish","type":"page","link":"https:\/\/evangelhors.com.br\/","title":{"rendered":"Evangelho RS"},"content":{"rendered":"<div class=\"wp-block-image\">\n<figure class=\"aligncenter size-large\"><img loading=\"lazy\" decoding=\"async\" width=\"1252\" height=\"802\" src=\"https:\/\/evangelhors.com.br\/wp-content\/uploads\/2020\/04\/IMG-4820.jpg\" alt=\"\" class=\"wp-image-120\"\/><\/figure><\/div>\n\n\n<p>\u2003Somos uma congrega\u00e7\u00e3o de crentes que nos reunimos ao nome do Senhor Jesus Cristo e funcionamos como igreja local, seguindo o modelo descrito no Novo Testamento. Cada igreja local se constitui em uma unidade aut\u00f4noma, respons\u00e1vel a Deus e tendo como \u00fanico governo a pessoa de nosso Senhor Jesus Cristo e a Sua palavra. Como crist\u00e3os, compreendemos a import\u00e2ncia de nos reunirmos regularmente para aprender e compartilhar ensinamentos das Sagradas Escrituras, para comunh\u00e3o, para o partir do p\u00e3o (a Ceia do Senhor), e ora\u00e7\u00f5es (Atos 2 v.42).<\/p>\n\n\n\n<h2 class=\"wp-block-heading hide-this\">Programa\u00e7\u00e3o Online<\/h2>\n\n\n\n<figure class=\"wp-block-image size-large hide-this\"><img loading=\"lazy\" decoding=\"async\" width=\"2560\" height=\"1436\" src=\"https:\/\/evangelhors.com.br\/convites\/convite-ministerio-conf.jpg\" alt=\"\" class=\"wp-image-898\"\/><\/figure>\n\n\n\n<figure class=\"wp-block-image size-large hide-this\"><img loading=\"lazy\" decoding=\"async\" width=\"2560\" height=\"1436\" src=\"https:\/\/evangelhors.com.br\/convites\/convite-evangelho-conf.jpg\" alt=\"\" class=\"wp-image-899\"\/><\/figure>\n\n\n\n<figure class=\"wp-block-image size-large hide-this\"><a href=\"https:\/\/zoom.us\/j\/889817573\" target=\"_blank\" rel=\"noopener noreferrer\"><img decoding=\"async\" src=\"https:\/\/evangelhors.com.br\/convites\/convite-evangelho.jpg\" alt=\"\"\/><\/a><\/figure>\n\n\n\n<figure class=\"wp-block-image size-large hide-this\"><a href=\"https:\/\/zoom.us\/j\/889817573\" target=\"_blank\" rel=\"noopener noreferrer\"><img decoding=\"async\" src=\"https:\/\/evangelhors.com.br\/convites\/convite-evangelho-serie.jpg\" alt=\"\"\/><\/a><\/figure>\n\n\n\n<figure class=\"wp-block-image size-large hide-this\"><a href=\"https:\/\/zoom.us\/j\/889817573\" target=\"_blank\" rel=\"noopener noreferrer\"><img decoding=\"async\" src=\"https:\/\/evangelhors.com.br\/convites\/convite.jpg\" alt=\"\" class=\"wp-image-666\"\/><\/a><\/figure>\n\n\n\n<div style=\"height:20px\" aria-hidden=\"true\" class=\"wp-block-spacer\"><\/div>\n\n\n\n<h4 class=\"wp-block-heading\"><a href=\"https:\/\/evangelhors.com.br\/index.php\/gravacoes\/\">Ver grava\u00e7\u00f5es de reuni\u00f5es online (suspensas) <\/a><\/h4>\n\n\n\n<hr class=\"wp-block-separator has-css-opacity\"\/>\n\n\n\n<h2 class=\"wp-block-heading\">Increva-se<\/h2>\n\n\n\n<p>Inscreva-se em nossa lista de comunica\u00e7\u00e3o e receba maiores informa\u00e7\u00f5es.<\/p>\n\n\n\n<div class=\"wpcf7 no-js\" id=\"wpcf7-f364-o1\" lang=\"en-GB\" dir=\"ltr\">\n<div class=\"screen-reader-response\"><p role=\"status\" aria-live=\"polite\" aria-atomic=\"true\"><\/p> <ul><\/ul><\/div>\n<form action=\"\/index.php\/wp-json\/wp\/v2\/pages\/5#wpcf7-f364-o1\" method=\"post\" class=\"wpcf7-form init\" aria-label=\"Contact form\" novalidate=\"novalidate\" data-status=\"init\">\n<div style=\"display: none;\">\n<input type=\"hidden\" name=\"_wpcf7\" value=\"364\" \/>\n<input type=\"hidden\" name=\"_wpcf7_version\" value=\"5.9.3\" \/>\n<input type=\"hidden\" name=\"_wpcf7_locale\" value=\"en_GB\" \/>\n<input type=\"hidden\" name=\"_wpcf7_unit_tag\" value=\"wpcf7-f364-o1\" \/>\n<input type=\"hidden\" name=\"_wpcf7_container_post\" value=\"0\" \/>\n<input type=\"hidden\" name=\"_wpcf7_posted_data_hash\" value=\"\" \/>\n<\/div>\n<p><label> Nome<br \/>\n<span class=\"wpcf7-form-control-wrap\" data-name=\"your-name\"><input size=\"40\" class=\"wpcf7-form-control wpcf7-text wpcf7-validates-as-required\" aria-required=\"true\" aria-invalid=\"false\" value=\"\" type=\"text\" name=\"your-name\" \/><\/span> <\/label>\n<\/p>\n<p><label> Sobrenome<br \/>\n<span class=\"wpcf7-form-control-wrap\" data-name=\"your-surname\"><input size=\"40\" class=\"wpcf7-form-control wpcf7-text\" aria-invalid=\"false\" value=\"\" type=\"text\" name=\"your-surname\" \/><\/span> <\/label>\n<\/p>\n<p><label> Email<br \/>\n<span class=\"wpcf7-form-control-wrap\" data-name=\"your-email\"><input size=\"40\" class=\"wpcf7-form-control wpcf7-email wpcf7-validates-as-required wpcf7-text wpcf7-validates-as-email\" aria-required=\"true\" aria-invalid=\"false\" value=\"\" type=\"email\" name=\"your-email\" \/><\/span> <\/label>\n<\/p>\n<p><input class=\"wpcf7-form-control wpcf7-submit has-spinner\" type=\"submit\" value=\"Cadastrar\" \/>\n<\/p><div class=\"wpcf7-response-output\" aria-hidden=\"true\"><\/div>\n<\/form>\n<\/div>\n\n","protected":false},"excerpt":{"rendered":"<p>\u2003Somos uma congrega\u00e7\u00e3o de crentes que nos reunimos ao nome do Senhor Jesus Cristo e funcionamos como igreja local, seguindo o modelo descrito no Novo Testamento. Cada igreja local se constitui em uma unidade aut\u00f4noma, respons\u00e1vel a Deus e tendo como \u00fanico governo a pessoa de nosso Senhor Jesus Cristo e a Sua palavra. Como &#8230; <a title=\"Evangelho RS\" class=\"read-more\" href=\"https:\/\/evangelhors.com.br\/\" aria-label=\"More on Evangelho RS\">Read more<\/a><\/p>\n","protected":false},"author":1,"featured_media":0,"parent":0,"menu_order":0,"comment_status":"closed","ping_status":"closed","template":"","meta":{"footnotes":""},"_links":{"self":[{"href":"https:\/\/evangelhors.com.br\/index.php\/wp-json\/wp\/v2\/pages\/5"}],"collection":[{"href":"https:\/\/evangelhors.com.br\/index.php\/wp-json\/wp\/v2\/pages"}],"about":[{"href":"https:\/\/evangelhors.com.br\/index.php\/wp-json\/wp\/v2\/types\/page"}],"author":[{"embeddable":true,"href":"https:\/\/evangelhors.com.br\/index.php\/wp-json\/wp\/v2\/users\/1"}],"replies":[{"embeddable":true,"href":"https:\/\/evangelhors.com.br\/index.php\/wp-json\/wp\/v2\/comments?post=5"}],"version-history":[{"count":93,"href":"https:\/\/evangelhors.com.br\/index.php\/wp-json\/wp\/v2\/pages\/5\/revisions"}],"predecessor-version":[{"id":1424,"href":"https:\/\/evangelhors.com.br\/index.php\/wp-json\/wp\/v2\/pages\/5\/revisions\/1424"}],"wp:attachment":[{"href":"https:\/\/evangelhors.com.br\/index.php\/wp-json\/wp\/v2\/media?parent=5"}],"curies":[{"name":"wp","href":"https:\/\/api.w.org\/{rel}","templated":true}]}}