{"id":306,"date":"2020-04-27T16:23:26","date_gmt":"2020-04-27T19:23:26","guid":{"rendered":"https:\/\/evangelhors.com.br\/?page_id=306"},"modified":"2024-07-29T19:23:13","modified_gmt":"2024-07-29T22:23:13","slug":"gravacoes","status":"publish","type":"page","link":"https:\/\/evangelhors.com.br\/index.php\/gravacoes\/","title":{"rendered":"Grava\u00e7\u00f5es"},"content":{"rendered":"\n<p>S\u00e3o disponibilizadas aqui algumas grava\u00e7\u00f5es de prega\u00e7\u00f5es do Evangelho e ensinamento da Palavra de Deus, de transmiss\u00f5es online (agora suspensas).<\/p>\n\n\n\n<div class=\"wp-block-columns is-layout-flex wp-container-core-columns-layout-1 wp-block-columns-is-layout-flex\">\n<div class=\"wp-block-column is-layout-flow wp-block-column-is-layout-flow\">\n<div class=\"wp-block-buttons is-content-justification-center is-layout-flex wp-container-core-buttons-layout-1 wp-block-buttons-is-layout-flex\">\n<div class=\"wp-block-button\"><a class=\"wp-block-button__link wp-element-button\" href=\"https:\/\/evangelhors.com.br\/index.php\/gravacoes-do-evangelho\">Prega\u00e7\u00f5es do Evangelho<\/a><\/div>\n<\/div>\n<\/div>\n\n\n\n<div class=\"wp-block-column is-layout-flow wp-block-column-is-layout-flow\">\n<div class=\"wp-block-buttons is-content-justification-center is-layout-flex wp-container-core-buttons-layout-2 wp-block-buttons-is-layout-flex\">\n<div class=\"wp-block-button\"><a class=\"wp-block-button__link wp-element-button\" href=\"https:\/\/evangelhors.com.br\/index.php\/gravacoes-de-testemunho\/\">Testemunhos de Salva\u00e7\u00e3o<\/a><\/div>\n<\/div>\n<\/div>\n\n\n\n<div class=\"wp-block-column is-layout-flow wp-block-column-is-layout-flow\">\n<div class=\"wp-block-buttons is-content-justification-center is-layout-flex wp-container-core-buttons-layout-3 wp-block-buttons-is-layout-flex\">\n<div class=\"wp-block-button\"><a class=\"wp-block-button__link wp-element-button\" href=\"https:\/\/evangelhors.com.br\/index.php\/gravacoes-de-ensinamento\/\">Ensinamento da Palavra de Deus<\/a><\/div>\n<\/div>\n<\/div>\n<\/div>\n","protected":false},"excerpt":{"rendered":"<p>S\u00e3o disponibilizadas aqui algumas grava\u00e7\u00f5es de prega\u00e7\u00f5es do Evangelho e ensinamento da Palavra de Deus, de transmiss\u00f5es online (agora suspensas).<\/p>\n","protected":false},"author":1,"featured_media":0,"parent":0,"menu_order":0,"comment_status":"closed","ping_status":"closed","template":"","meta":{"footnotes":""},"_links":{"self":[{"href":"https:\/\/evangelhors.com.br\/index.php\/wp-json\/wp\/v2\/pages\/306"}],"collection":[{"href":"https:\/\/evangelhors.com.br\/index.php\/wp-json\/wp\/v2\/pages"}],"about":[{"href":"https:\/\/evangelhors.com.br\/index.php\/wp-json\/wp\/v2\/types\/page"}],"author":[{"embeddable":true,"href":"https:\/\/evangelhors.com.br\/index.php\/wp-json\/wp\/v2\/users\/1"}],"replies":[{"embeddable":true,"href":"https:\/\/evangelhors.com.br\/index.php\/wp-json\/wp\/v2\/comments?post=306"}],"version-history":[{"count":33,"href":"https:\/\/evangelhors.com.br\/index.php\/wp-json\/wp\/v2\/pages\/306\/revisions"}],"predecessor-version":[{"id":1425,"href":"https:\/\/evangelhors.com.br\/index.php\/wp-json\/wp\/v2\/pages\/306\/revisions\/1425"}],"wp:attachment":[{"href":"https:\/\/evangelhors.com.br\/index.php\/wp-json\/wp\/v2\/media?parent=306"}],"curies":[{"name":"wp","href":"https:\/\/api.w.org\/{rel}","templated":true}]}}